{"id":158,"date":"2022-09-14T10:29:54","date_gmt":"2022-09-14T10:29:54","guid":{"rendered":"https:\/\/restauracja-kassandra.com.pl\/?page_id=158"},"modified":"2022-09-20T15:57:02","modified_gmt":"2022-09-20T15:57:02","slug":"restauracja","status":"publish","type":"page","link":"https:\/\/restauracja-kassandra.com.pl\/en\/restauracja\/","title":{"rendered":"Restaurant"},"content":{"rendered":"<div data-elementor-type=\"wp-page\" data-elementor-id=\"158\" class=\"elementor elementor-158\">\n\t\t\t\t\t\t\t\t\t<section class=\"elementor-section elementor-top-section elementor-element elementor-element-63f60be0 elementor-section-boxed elementor-section-height-default elementor-section-height-default\" data-id=\"63f60be0\" data-element_type=\"section\" data-settings=\"{&quot;background_background&quot;:&quot;classic&quot;}\">\n\t\t\t\t\t\t\t<div class=\"elementor-background-overlay\"><\/div>\n\t\t\t\t\t\t\t<div class=\"elementor-container elementor-column-gap-default\">\n\t\t\t\t\t<div class=\"elementor-column elementor-col-100 elementor-top-column elementor-element elementor-element-46b003cc elementor-invisible\" data-id=\"46b003cc\" data-element_type=\"column\" data-settings=\"{&quot;animation&quot;:&quot;bounceInDown&quot;}\">\n\t\t\t<div class=\"elementor-widget-wrap elementor-element-populated\">\n\t\t\t\t\t\t\t\t<div class=\"elementor-element elementor-element-2632470d elementor-widget elementor-widget-heading\" data-id=\"2632470d\" data-element_type=\"widget\" data-widget_type=\"heading.default\">\n\t\t\t\t<div class=\"elementor-widget-container\">\n\t\t\t<style>\/*! elementor - v3.7.6 - 15-09-2022 *\/\n.elementor-heading-title{padding:0;margin:0;line-height:1}.elementor-widget-heading .elementor-heading-title[class*=elementor-size-]>a{color:inherit;font-size:inherit;line-height:inherit}.elementor-widget-heading .elementor-heading-title.elementor-size-small{font-size:15px}.elementor-widget-heading .elementor-heading-title.elementor-size-medium{font-size:19px}.elementor-widget-heading .elementor-heading-title.elementor-size-large{font-size:29px}.elementor-widget-heading .elementor-heading-title.elementor-size-xl{font-size:39px}.elementor-widget-heading .elementor-heading-title.elementor-size-xxl{font-size:59px}<\/style><h1 class=\"elementor-heading-title elementor-size-default\">Restaurant<\/h1>\t\t<\/div>\n\t\t\t\t<\/div>\n\t\t\t\t<div class=\"elementor-element elementor-element-7588062d elementor-widget elementor-widget-heading\" data-id=\"7588062d\" data-element_type=\"widget\" data-widget_type=\"heading.default\">\n\t\t\t\t<div class=\"elementor-widget-container\">\n\t\t\t<h4 class=\"elementor-heading-title elementor-size-default\">Be amazed by the tradition\n<\/h4>\t\t<\/div>\n\t\t\t\t<\/div>\n\t\t\t\t\t<\/div>\n\t\t<\/div>\n\t\t\t\t\t\t\t<\/div>\n\t\t<\/section>\n\t\t\t\t<section class=\"elementor-section elementor-top-section elementor-element elementor-element-34226e54 elementor-section-boxed elementor-section-height-default elementor-section-height-default\" data-id=\"34226e54\" data-element_type=\"section\">\n\t\t\t\t\t\t<div class=\"elementor-container elementor-column-gap-default\">\n\t\t\t\t\t<div class=\"elementor-column elementor-col-50 elementor-top-column elementor-element elementor-element-2e7ead24 elementor-invisible\" data-id=\"2e7ead24\" data-element_type=\"column\" data-settings=\"{&quot;animation&quot;:&quot;fadeInLeft&quot;}\">\n\t\t\t<div class=\"elementor-widget-wrap elementor-element-populated\">\n\t\t\t\t\t\t\t\t<div class=\"elementor-element elementor-element-2eb5b390 elementor-widget elementor-widget-image\" data-id=\"2eb5b390\" data-element_type=\"widget\" data-widget_type=\"image.default\">\n\t\t\t\t<div class=\"elementor-widget-container\">\n\t\t\t<style>\/*! elementor - v3.7.6 - 15-09-2022 *\/\n.elementor-widget-image{text-align:center}.elementor-widget-image a{display:inline-block}.elementor-widget-image a img[src$=\".svg\"]{width:48px}.elementor-widget-image img{vertical-align:middle;display:inline-block}<\/style>\t\t\t\t\t\t\t\t\t\t\t\t<img width=\"1536\" height=\"1024\" src=\"https:\/\/restauracja-kassandra.com.pl\/wp-content\/uploads\/2022\/09\/Restauracja-Kassandra-45-1536x1024.jpg\" class=\"attachment-1536x1536 size-1536x1536\" alt=\"\" loading=\"lazy\" srcset=\"https:\/\/restauracja-kassandra.com.pl\/wp-content\/uploads\/2022\/09\/Restauracja-Kassandra-45-1536x1024.jpg 1536w, https:\/\/restauracja-kassandra.com.pl\/wp-content\/uploads\/2022\/09\/Restauracja-Kassandra-45-300x200.jpg 300w, https:\/\/restauracja-kassandra.com.pl\/wp-content\/uploads\/2022\/09\/Restauracja-Kassandra-45-1024x682.jpg 1024w, https:\/\/restauracja-kassandra.com.pl\/wp-content\/uploads\/2022\/09\/Restauracja-Kassandra-45-768x512.jpg 768w, https:\/\/restauracja-kassandra.com.pl\/wp-content\/uploads\/2022\/09\/Restauracja-Kassandra-45.jpg 2000w\" sizes=\"(max-width: 1536px) 100vw, 1536px\" \/>\t\t\t\t\t\t\t\t\t\t\t\t\t\t\t<\/div>\n\t\t\t\t<\/div>\n\t\t\t\t\t<\/div>\n\t\t<\/div>\n\t\t\t\t<div class=\"elementor-column elementor-col-50 elementor-top-column elementor-element elementor-element-75eb20e5 elementor-invisible\" data-id=\"75eb20e5\" data-element_type=\"column\" data-settings=\"{&quot;background_background&quot;:&quot;classic&quot;,&quot;animation&quot;:&quot;fadeInRight&quot;}\">\n\t\t\t<div class=\"elementor-widget-wrap elementor-element-populated\">\n\t\t\t\t\t\t\t\t<div class=\"elementor-element elementor-element-837445a elementor-widget elementor-widget-heading\" data-id=\"837445a\" data-element_type=\"widget\" data-widget_type=\"heading.default\">\n\t\t\t\t<div class=\"elementor-widget-container\">\n\t\t\t<h2 class=\"elementor-heading-title elementor-size-default\">Restaurant<\/h2>\t\t<\/div>\n\t\t\t\t<\/div>\n\t\t\t\t<div class=\"elementor-element elementor-element-55712dc1 elementor-widget elementor-widget-text-editor\" data-id=\"55712dc1\" data-element_type=\"widget\" data-widget_type=\"text-editor.default\">\n\t\t\t\t<div class=\"elementor-widget-container\">\n\t\t\t<style>\/*! elementor - v3.7.6 - 15-09-2022 *\/\n.elementor-widget-text-editor.elementor-drop-cap-view-stacked .elementor-drop-cap{background-color:#818a91;color:#fff}.elementor-widget-text-editor.elementor-drop-cap-view-framed .elementor-drop-cap{color:#818a91;border:3px solid;background-color:transparent}.elementor-widget-text-editor:not(.elementor-drop-cap-view-default) .elementor-drop-cap{margin-top:8px}.elementor-widget-text-editor:not(.elementor-drop-cap-view-default) .elementor-drop-cap-letter{width:1em;height:1em}.elementor-widget-text-editor .elementor-drop-cap{float:left;text-align:center;line-height:1;font-size:50px}.elementor-widget-text-editor .elementor-drop-cap-letter{display:inline-block}<\/style>\t\t\t\t<p>Kassandra is an elegant, spacious and cozy restaurant where you will rediscover the flavors of Polish cuisine combined with a hint of modernity. Flowers, tables covered with tablecloths and romantic music create a unique atmosphere here.<\/p><p>The chefs of the Kassandra Restaurant invite you to try traditional Polish dishes with a modern twist. We rely on old Polish cuisine, family recipes and regional products, and each season brings new flavors to the menu.<\/p>\t\t\t\t\t\t<\/div>\n\t\t\t\t<\/div>\n\t\t\t\t<div class=\"elementor-element elementor-element-521fab7d elementor-widget elementor-widget-button\" data-id=\"521fab7d\" data-element_type=\"widget\" data-widget_type=\"button.default\">\n\t\t\t\t<div class=\"elementor-widget-container\">\n\t\t\t\t\t<div class=\"elementor-button-wrapper\">\n\t\t\t<a href=\"https:\/\/restauracja-kassandra.com.pl\/wp-content\/uploads\/2022\/09\/menu-nowe-2022.pdf\" class=\"elementor-button-link elementor-button elementor-size-md\" role=\"button\">\n\t\t\t\t\t\t<span class=\"elementor-button-content-wrapper\">\n\t\t\t\t\t\t<span class=\"elementor-button-text\">See our menu<\/span>\n\t\t<\/span>\n\t\t\t\t\t<\/a>\n\t\t<\/div>\n\t\t\t\t<\/div>\n\t\t\t\t<\/div>\n\t\t\t\t\t<\/div>\n\t\t<\/div>\n\t\t\t\t\t\t\t<\/div>\n\t\t<\/section>\n\t\t\t\t\t\t\t<\/div>","protected":false},"excerpt":{"rendered":"<p>Zachwy\u0107 si\u0119 tradycj\u0105 Restauracja Kassandra to elegancka, przestronna a zarazem przytulna restauracja, w kt\u00f3rej na nowo odkryjesz smaki polskiej kuchni po\u0142\u0105czonej z nutk\u0105 nowoczesno\u015bci. Wyj\u0105tkowy nastr\u00f3j tworz\u0105 tu kwiaty, sto\u0142y nakryte obrusami i nastrojowa muzyka. Kucharze Restauracji Kassandra zapraszaj\u0105 na tradycyjne dania kuchni polskiej w nowoczesnym wydaniu. Bazujemy na staropolskiej kuchni, rodzinnych przepisach oraz regionalnych [&hellip;]<\/p>","protected":false},"author":1,"featured_media":0,"parent":0,"menu_order":0,"comment_status":"closed","ping_status":"closed","template":"","meta":[],"yoast_head":"<!-- This site is optimized with the Yoast SEO plugin v19.7.1 - https:\/\/yoast.com\/wordpress\/plugins\/seo\/ -->\n<title>Restauracja - Kassandra Restauracja &amp; Hotel<\/title>\n<meta name=\"robots\" content=\"index, follow, max-snippet:-1, max-image-preview:large, max-video-preview:-1\" \/>\n<link rel=\"canonical\" href=\"https:\/\/restauracja-kassandra.com.pl\/en\/restauracja\/\" \/>\n<meta property=\"og:locale\" content=\"en_US\" \/>\n<meta property=\"og:type\" content=\"article\" \/>\n<meta property=\"og:title\" content=\"Restauracja - Kassandra Restauracja &amp; Hotel\" \/>\n<meta property=\"og:description\" content=\"Zachwy\u0107 si\u0119 tradycj\u0105 Restauracja Kassandra to elegancka, przestronna a zarazem przytulna restauracja, w kt\u00f3rej na nowo odkryjesz smaki polskiej kuchni po\u0142\u0105czonej z nutk\u0105 nowoczesno\u015bci. Wyj\u0105tkowy nastr\u00f3j tworz\u0105 tu kwiaty, sto\u0142y nakryte obrusami i nastrojowa muzyka. Kucharze Restauracji Kassandra zapraszaj\u0105 na tradycyjne dania kuchni polskiej w nowoczesnym wydaniu. Bazujemy na staropolskiej kuchni, rodzinnych przepisach oraz regionalnych [&hellip;]\" \/>\n<meta property=\"og:url\" content=\"https:\/\/restauracja-kassandra.com.pl\/en\/restauracja\/\" \/>\n<meta property=\"og:site_name\" content=\"Kassandra Restauracja &amp; Hotel\" \/>\n<meta property=\"article:modified_time\" content=\"2022-09-20T15:57:02+00:00\" \/>\n<meta property=\"og:image\" content=\"https:\/\/restauracja-kassandra.com.pl\/wp-content\/uploads\/2022\/09\/Restauracja-Kassandra-45-1536x1024.jpg\" \/>\n<meta name=\"twitter:card\" content=\"summary_large_image\" \/>\n<script type=\"application\/ld+json\" class=\"yoast-schema-graph\">{\"@context\":\"https:\/\/schema.org\",\"@graph\":[{\"@type\":\"WebPage\",\"@id\":\"https:\/\/restauracja-kassandra.com.pl\/restauracja\/\",\"url\":\"https:\/\/restauracja-kassandra.com.pl\/restauracja\/\",\"name\":\"Restauracja - Kassandra Restauracja &amp; Hotel\",\"isPartOf\":{\"@id\":\"https:\/\/restauracja-kassandra.com.pl\/#website\"},\"datePublished\":\"2022-09-14T10:29:54+00:00\",\"dateModified\":\"2022-09-20T15:57:02+00:00\",\"breadcrumb\":{\"@id\":\"https:\/\/restauracja-kassandra.com.pl\/restauracja\/#breadcrumb\"},\"inLanguage\":\"en-US\",\"potentialAction\":[{\"@type\":\"ReadAction\",\"target\":[\"https:\/\/restauracja-kassandra.com.pl\/restauracja\/\"]}]},{\"@type\":\"BreadcrumbList\",\"@id\":\"https:\/\/restauracja-kassandra.com.pl\/restauracja\/#breadcrumb\",\"itemListElement\":[{\"@type\":\"ListItem\",\"position\":1,\"name\":\"Strona g\u0142\u00f3wna\",\"item\":\"https:\/\/restauracja-kassandra.com.pl\/\"},{\"@type\":\"ListItem\",\"position\":2,\"name\":\"Restauracja\"}]},{\"@type\":\"WebSite\",\"@id\":\"https:\/\/restauracja-kassandra.com.pl\/#website\",\"url\":\"https:\/\/restauracja-kassandra.com.pl\/\",\"name\":\"Kassandra Restauracja &amp; Hotel\",\"description\":\"Pocz\u0105tki dzia\u0142alno\u015bci Restauracji &quot;Kassandra&quot; si\u0119gaj\u0105 roku 2000. Nasza Restauracja jest doskona\u0142ym miejscem do organizacji przyj\u0119\u0107 weselnych oraz inny&hellip;\",\"publisher\":{\"@id\":\"https:\/\/restauracja-kassandra.com.pl\/#organization\"},\"potentialAction\":[{\"@type\":\"SearchAction\",\"target\":{\"@type\":\"EntryPoint\",\"urlTemplate\":\"https:\/\/restauracja-kassandra.com.pl\/?s={search_term_string}\"},\"query-input\":\"required name=search_term_string\"}],\"inLanguage\":\"en-US\"},{\"@type\":\"Organization\",\"@id\":\"https:\/\/restauracja-kassandra.com.pl\/#organization\",\"name\":\"Kassandra Restauracja Hotel\",\"url\":\"https:\/\/restauracja-kassandra.com.pl\/\",\"sameAs\":[],\"logo\":{\"@type\":\"ImageObject\",\"inLanguage\":\"en-US\",\"@id\":\"https:\/\/restauracja-kassandra.com.pl\/#\/schema\/logo\/image\/\",\"url\":\"https:\/\/restauracja-kassandra.com.pl\/wp-content\/uploads\/2022\/09\/logo-na-www.png\",\"contentUrl\":\"https:\/\/restauracja-kassandra.com.pl\/wp-content\/uploads\/2022\/09\/logo-na-www.png\",\"width\":600,\"height\":357,\"caption\":\"Kassandra Restauracja Hotel\"},\"image\":{\"@id\":\"https:\/\/restauracja-kassandra.com.pl\/#\/schema\/logo\/image\/\"}}]}<\/script>\n<!-- \/ Yoast SEO plugin. -->","yoast_head_json":{"title":"Restauracja - Kassandra Restauracja &amp; Hotel","robots":{"index":"index","follow":"follow","max-snippet":"max-snippet:-1","max-image-preview":"max-image-preview:large","max-video-preview":"max-video-preview:-1"},"canonical":"https:\/\/restauracja-kassandra.com.pl\/en\/restauracja\/","og_locale":"en_US","og_type":"article","og_title":"Restauracja - Kassandra Restauracja &amp; Hotel","og_description":"Zachwy\u0107 si\u0119 tradycj\u0105 Restauracja Kassandra to elegancka, przestronna a zarazem przytulna restauracja, w kt\u00f3rej na nowo odkryjesz smaki polskiej kuchni po\u0142\u0105czonej z nutk\u0105 nowoczesno\u015bci. Wyj\u0105tkowy nastr\u00f3j tworz\u0105 tu kwiaty, sto\u0142y nakryte obrusami i nastrojowa muzyka. Kucharze Restauracji Kassandra zapraszaj\u0105 na tradycyjne dania kuchni polskiej w nowoczesnym wydaniu. Bazujemy na staropolskiej kuchni, rodzinnych przepisach oraz regionalnych [&hellip;]","og_url":"https:\/\/restauracja-kassandra.com.pl\/en\/restauracja\/","og_site_name":"Kassandra Restauracja &amp; Hotel","article_modified_time":"2022-09-20T15:57:02+00:00","og_image":[{"url":"https:\/\/restauracja-kassandra.com.pl\/wp-content\/uploads\/2022\/09\/Restauracja-Kassandra-45-1536x1024.jpg"}],"twitter_card":"summary_large_image","schema":{"@context":"https:\/\/schema.org","@graph":[{"@type":"WebPage","@id":"https:\/\/restauracja-kassandra.com.pl\/restauracja\/","url":"https:\/\/restauracja-kassandra.com.pl\/restauracja\/","name":"Restauracja - Kassandra Restauracja &amp; Hotel","isPartOf":{"@id":"https:\/\/restauracja-kassandra.com.pl\/#website"},"datePublished":"2022-09-14T10:29:54+00:00","dateModified":"2022-09-20T15:57:02+00:00","breadcrumb":{"@id":"https:\/\/restauracja-kassandra.com.pl\/restauracja\/#breadcrumb"},"inLanguage":"en-US","potentialAction":[{"@type":"ReadAction","target":["https:\/\/restauracja-kassandra.com.pl\/restauracja\/"]}]},{"@type":"BreadcrumbList","@id":"https:\/\/restauracja-kassandra.com.pl\/restauracja\/#breadcrumb","itemListElement":[{"@type":"ListItem","position":1,"name":"Strona g\u0142\u00f3wna","item":"https:\/\/restauracja-kassandra.com.pl\/"},{"@type":"ListItem","position":2,"name":"Restauracja"}]},{"@type":"WebSite","@id":"https:\/\/restauracja-kassandra.com.pl\/#website","url":"https:\/\/restauracja-kassandra.com.pl\/","name":"Kassandra Restauracja &amp; Hotel","description":"Pocz\u0105tki dzia\u0142alno\u015bci Restauracji &quot;Kassandra&quot; si\u0119gaj\u0105 roku 2000. Nasza Restauracja jest doskona\u0142ym miejscem do organizacji przyj\u0119\u0107 weselnych oraz inny&hellip;","publisher":{"@id":"https:\/\/restauracja-kassandra.com.pl\/#organization"},"potentialAction":[{"@type":"SearchAction","target":{"@type":"EntryPoint","urlTemplate":"https:\/\/restauracja-kassandra.com.pl\/?s={search_term_string}"},"query-input":"required name=search_term_string"}],"inLanguage":"en-US"},{"@type":"Organization","@id":"https:\/\/restauracja-kassandra.com.pl\/#organization","name":"Kassandra Restauracja Hotel","url":"https:\/\/restauracja-kassandra.com.pl\/","sameAs":[],"logo":{"@type":"ImageObject","inLanguage":"en-US","@id":"https:\/\/restauracja-kassandra.com.pl\/#\/schema\/logo\/image\/","url":"https:\/\/restauracja-kassandra.com.pl\/wp-content\/uploads\/2022\/09\/logo-na-www.png","contentUrl":"https:\/\/restauracja-kassandra.com.pl\/wp-content\/uploads\/2022\/09\/logo-na-www.png","width":600,"height":357,"caption":"Kassandra Restauracja Hotel"},"image":{"@id":"https:\/\/restauracja-kassandra.com.pl\/#\/schema\/logo\/image\/"}}]}},"_links":{"self":[{"href":"https:\/\/restauracja-kassandra.com.pl\/en\/wp-json\/wp\/v2\/pages\/158"}],"collection":[{"href":"https:\/\/restauracja-kassandra.com.pl\/en\/wp-json\/wp\/v2\/pages"}],"about":[{"href":"https:\/\/restauracja-kassandra.com.pl\/en\/wp-json\/wp\/v2\/types\/page"}],"author":[{"embeddable":true,"href":"https:\/\/restauracja-kassandra.com.pl\/en\/wp-json\/wp\/v2\/users\/1"}],"replies":[{"embeddable":true,"href":"https:\/\/restauracja-kassandra.com.pl\/en\/wp-json\/wp\/v2\/comments?post=158"}],"version-history":[{"count":25,"href":"https:\/\/restauracja-kassandra.com.pl\/en\/wp-json\/wp\/v2\/pages\/158\/revisions"}],"predecessor-version":[{"id":506,"href":"https:\/\/restauracja-kassandra.com.pl\/en\/wp-json\/wp\/v2\/pages\/158\/revisions\/506"}],"wp:attachment":[{"href":"https:\/\/restauracja-kassandra.com.pl\/en\/wp-json\/wp\/v2\/media?parent=158"}],"curies":[{"name":"wp","href":"https:\/\/api.w.org\/{rel}","templated":true}]}}