{"id":160,"date":"2022-09-14T10:30:05","date_gmt":"2022-09-14T10:30:05","guid":{"rendered":"https:\/\/restauracja-kassandra.com.pl\/?page_id=160"},"modified":"2022-09-20T15:46:16","modified_gmt":"2022-09-20T15:46:16","slug":"wesela","status":"publish","type":"page","link":"https:\/\/restauracja-kassandra.com.pl\/en\/wesela\/","title":{"rendered":"Weddings"},"content":{"rendered":"<div data-elementor-type=\"wp-page\" data-elementor-id=\"160\" class=\"elementor elementor-160\">\n\t\t\t\t\t\t\t\t\t<section class=\"elementor-section elementor-top-section elementor-element elementor-element-3fadf051 elementor-section-boxed elementor-section-height-default elementor-section-height-default\" data-id=\"3fadf051\" data-element_type=\"section\" data-settings=\"{&quot;background_background&quot;:&quot;classic&quot;}\">\n\t\t\t\t\t\t\t<div class=\"elementor-background-overlay\"><\/div>\n\t\t\t\t\t\t\t<div class=\"elementor-container elementor-column-gap-default\">\n\t\t\t\t\t<div class=\"elementor-column elementor-col-100 elementor-top-column elementor-element elementor-element-55ed1785 elementor-invisible\" data-id=\"55ed1785\" data-element_type=\"column\" data-settings=\"{&quot;animation&quot;:&quot;bounceInDown&quot;}\">\n\t\t\t<div class=\"elementor-widget-wrap elementor-element-populated\">\n\t\t\t\t\t\t\t\t<div class=\"elementor-element elementor-element-233e27a5 elementor-widget elementor-widget-heading\" data-id=\"233e27a5\" data-element_type=\"widget\" data-widget_type=\"heading.default\">\n\t\t\t\t<div class=\"elementor-widget-container\">\n\t\t\t<style>\/*! elementor - v3.7.6 - 15-09-2022 *\/\n.elementor-heading-title{padding:0;margin:0;line-height:1}.elementor-widget-heading .elementor-heading-title[class*=elementor-size-]>a{color:inherit;font-size:inherit;line-height:inherit}.elementor-widget-heading .elementor-heading-title.elementor-size-small{font-size:15px}.elementor-widget-heading .elementor-heading-title.elementor-size-medium{font-size:19px}.elementor-widget-heading .elementor-heading-title.elementor-size-large{font-size:29px}.elementor-widget-heading .elementor-heading-title.elementor-size-xl{font-size:39px}.elementor-widget-heading .elementor-heading-title.elementor-size-xxl{font-size:59px}<\/style><h1 class=\"elementor-heading-title elementor-size-default\">Weddings<\/h1>\t\t<\/div>\n\t\t\t\t<\/div>\n\t\t\t\t<div class=\"elementor-element elementor-element-7cb2fe7 elementor-widget elementor-widget-heading\" data-id=\"7cb2fe7\" data-element_type=\"widget\" data-widget_type=\"heading.default\">\n\t\t\t\t<div class=\"elementor-widget-container\">\n\t\t\t<h4 class=\"elementor-heading-title elementor-size-default\">Be amazed by our passion<\/h4>\t\t<\/div>\n\t\t\t\t<\/div>\n\t\t\t\t\t<\/div>\n\t\t<\/div>\n\t\t\t\t\t\t\t<\/div>\n\t\t<\/section>\n\t\t\t\t<section class=\"elementor-section elementor-top-section elementor-element elementor-element-7a2b8e28 elementor-section-boxed elementor-section-height-default elementor-section-height-default\" data-id=\"7a2b8e28\" data-element_type=\"section\">\n\t\t\t\t\t\t<div class=\"elementor-container elementor-column-gap-default\">\n\t\t\t\t\t<div class=\"elementor-column elementor-col-50 elementor-top-column elementor-element elementor-element-78f73e33 elementor-invisible\" data-id=\"78f73e33\" data-element_type=\"column\" data-settings=\"{&quot;animation&quot;:&quot;fadeInLeft&quot;}\">\n\t\t\t<div class=\"elementor-widget-wrap elementor-element-populated\">\n\t\t\t\t\t\t\t\t<div class=\"elementor-element elementor-element-47f8b37a elementor-widget elementor-widget-image\" data-id=\"47f8b37a\" data-element_type=\"widget\" data-widget_type=\"image.default\">\n\t\t\t\t<div class=\"elementor-widget-container\">\n\t\t\t<style>\/*! elementor - v3.7.6 - 15-09-2022 *\/\n.elementor-widget-image{text-align:center}.elementor-widget-image a{display:inline-block}.elementor-widget-image a img[src$=\".svg\"]{width:48px}.elementor-widget-image img{vertical-align:middle;display:inline-block}<\/style>\t\t\t\t\t\t\t\t\t\t\t\t<img width=\"2000\" height=\"1333\" src=\"https:\/\/restauracja-kassandra.com.pl\/wp-content\/uploads\/2022\/09\/Restauracja-Kassandra-44.jpg\" class=\"attachment-full size-full\" alt=\"\" loading=\"lazy\" srcset=\"https:\/\/restauracja-kassandra.com.pl\/wp-content\/uploads\/2022\/09\/Restauracja-Kassandra-44.jpg 2000w, https:\/\/restauracja-kassandra.com.pl\/wp-content\/uploads\/2022\/09\/Restauracja-Kassandra-44-300x200.jpg 300w, https:\/\/restauracja-kassandra.com.pl\/wp-content\/uploads\/2022\/09\/Restauracja-Kassandra-44-1024x682.jpg 1024w, https:\/\/restauracja-kassandra.com.pl\/wp-content\/uploads\/2022\/09\/Restauracja-Kassandra-44-768x512.jpg 768w, https:\/\/restauracja-kassandra.com.pl\/wp-content\/uploads\/2022\/09\/Restauracja-Kassandra-44-1536x1024.jpg 1536w\" sizes=\"(max-width: 2000px) 100vw, 2000px\" \/>\t\t\t\t\t\t\t\t\t\t\t\t\t\t\t<\/div>\n\t\t\t\t<\/div>\n\t\t\t\t\t<\/div>\n\t\t<\/div>\n\t\t\t\t<div class=\"elementor-column elementor-col-50 elementor-top-column elementor-element elementor-element-680ccdcb elementor-invisible\" data-id=\"680ccdcb\" data-element_type=\"column\" data-settings=\"{&quot;background_background&quot;:&quot;classic&quot;,&quot;animation&quot;:&quot;fadeInRight&quot;}\">\n\t\t\t<div class=\"elementor-widget-wrap elementor-element-populated\">\n\t\t\t\t\t\t\t\t<div class=\"elementor-element elementor-element-5d120874 elementor-widget elementor-widget-heading\" data-id=\"5d120874\" data-element_type=\"widget\" data-widget_type=\"heading.default\">\n\t\t\t\t<div class=\"elementor-widget-container\">\n\t\t\t<h2 class=\"elementor-heading-title elementor-size-default\">Weddings<\/h2>\t\t<\/div>\n\t\t\t\t<\/div>\n\t\t\t\t<div class=\"elementor-element elementor-element-2413a08e elementor-widget elementor-widget-text-editor\" data-id=\"2413a08e\" data-element_type=\"widget\" data-widget_type=\"text-editor.default\">\n\t\t\t\t<div class=\"elementor-widget-container\">\n\t\t\t<style>\/*! elementor - v3.7.6 - 15-09-2022 *\/\n.elementor-widget-text-editor.elementor-drop-cap-view-stacked .elementor-drop-cap{background-color:#818a91;color:#fff}.elementor-widget-text-editor.elementor-drop-cap-view-framed .elementor-drop-cap{color:#818a91;border:3px solid;background-color:transparent}.elementor-widget-text-editor:not(.elementor-drop-cap-view-default) .elementor-drop-cap{margin-top:8px}.elementor-widget-text-editor:not(.elementor-drop-cap-view-default) .elementor-drop-cap-letter{width:1em;height:1em}.elementor-widget-text-editor .elementor-drop-cap{float:left;text-align:center;line-height:1;font-size:50px}.elementor-widget-text-editor .elementor-drop-cap-letter{display:inline-block}<\/style>\t\t\t\t<p>We have been organizing elegant wedding receptions since 2000. Our facility has a spacious restaurant room, beautiful interiors and a fairy-tale garden - perfect for outdoor weddings.<br \/>Years of activities and hundreds of organized events have given us substantial knowledge and experience in the professional organization of weddings and parties.<\/p><p>White, fresh flowers, light shining through the large windows - all this fits perfectly with the joyful atmosphere of a perfect wedding celebration. Kassandra offers its guests a spacious and tastefully decorated wedding hall, which can accommodate up to 150 people. The price of the wedding includes costs related to the standard decoration of the wedding hall - fresh flowers, candles, tablecloths. The facility also offers comfortable accommodation.<\/p>\t\t\t\t\t\t<\/div>\n\t\t\t\t<\/div>\n\t\t\t\t\t<\/div>\n\t\t<\/div>\n\t\t\t\t\t\t\t<\/div>\n\t\t<\/section>\n\t\t\t\t<section class=\"elementor-section elementor-top-section elementor-element elementor-element-8bab69a elementor-section-boxed elementor-section-height-default elementor-section-height-default\" data-id=\"8bab69a\" data-element_type=\"section\">\n\t\t\t\t\t\t<div class=\"elementor-container elementor-column-gap-default\">\n\t\t\t\t\t<div class=\"elementor-column elementor-col-100 elementor-top-column elementor-element elementor-element-5f64089 elementor-invisible\" data-id=\"5f64089\" data-element_type=\"column\" data-settings=\"{&quot;background_background&quot;:&quot;classic&quot;,&quot;animation&quot;:&quot;fadeInRight&quot;}\">\n\t\t\t<div class=\"elementor-widget-wrap elementor-element-populated\">\n\t\t\t\t\t\t\t\t<div class=\"elementor-element elementor-element-c68098e elementor-widget elementor-widget-text-editor\" data-id=\"c68098e\" data-element_type=\"widget\" data-widget_type=\"text-editor.default\">\n\t\t\t\t<div class=\"elementor-widget-container\">\n\t\t\t\t\t\t\t<h4>We organize both intimate wedding receptions as well as grand wedding receptions for up to 150 people.<\/h4><p><strong>We offer you:<br \/><\/strong><br \/>- an exclusive room during the wedding party<br \/>- an exclusive room during the wedding party<br \/>- many gourmet dishes<br \/>- the ability to create your own menu<br \/>- any interior arrangement, including round tables<br \/>- weddings up to 150 people in the restaurant room<br \/>- wedding dinners up to 30 people in a smaller saline<br \/>- a large selection of additional attractions, incl. a homely table or a chocolate fountain<br \/>- an apartment for the newlyweds as a gift<\/p>\t\t\t\t\t\t<\/div>\n\t\t\t\t<\/div>\n\t\t\t\t\t<\/div>\n\t\t<\/div>\n\t\t\t\t\t\t\t<\/div>\n\t\t<\/section>\n\t\t\t\t<section class=\"elementor-section elementor-top-section elementor-element elementor-element-5a1797ae elementor-section-boxed elementor-section-height-default elementor-section-height-default\" data-id=\"5a1797ae\" data-element_type=\"section\">\n\t\t\t\t\t\t<div class=\"elementor-container elementor-column-gap-default\">\n\t\t\t\t\t<div class=\"elementor-column elementor-col-25 elementor-top-column elementor-element elementor-element-97ad97a\" data-id=\"97ad97a\" data-element_type=\"column\">\n\t\t\t<div class=\"elementor-widget-wrap elementor-element-populated\">\n\t\t\t\t\t\t\t\t<div class=\"elementor-element elementor-element-7ca5b714 elementor-mobile-align-center elementor-widget elementor-widget-button\" data-id=\"7ca5b714\" data-element_type=\"widget\" data-widget_type=\"button.default\">\n\t\t\t\t<div class=\"elementor-widget-container\">\n\t\t\t\t\t<div class=\"elementor-button-wrapper\">\n\t\t\t<a href=\"https:\/\/restauracja-kassandra.com.pl\/wp-content\/uploads\/2022\/09\/Menu-Weselne-obiad-weselny.pdf\" target=\"_blank\" class=\"elementor-button-link elementor-button elementor-size-md\" role=\"button\">\n\t\t\t\t\t\t<span class=\"elementor-button-content-wrapper\">\n\t\t\t\t\t\t<span class=\"elementor-button-text\">Wedding menu - wedding dinner<\/span>\n\t\t<\/span>\n\t\t\t\t\t<\/a>\n\t\t<\/div>\n\t\t\t\t<\/div>\n\t\t\t\t<\/div>\n\t\t\t\t\t<\/div>\n\t\t<\/div>\n\t\t\t\t<div class=\"elementor-column elementor-col-25 elementor-top-column elementor-element elementor-element-69af91b2\" data-id=\"69af91b2\" data-element_type=\"column\">\n\t\t\t<div class=\"elementor-widget-wrap elementor-element-populated\">\n\t\t\t\t\t\t\t\t<div class=\"elementor-element elementor-element-533fcc16 elementor-mobile-align-center elementor-widget elementor-widget-button\" data-id=\"533fcc16\" data-element_type=\"widget\" data-widget_type=\"button.default\">\n\t\t\t\t<div class=\"elementor-widget-container\">\n\t\t\t\t\t<div class=\"elementor-button-wrapper\">\n\t\t\t<a href=\"https:\/\/restauracja-kassandra.com.pl\/wp-content\/uploads\/2022\/09\/Menu-Weselne-wersja-230-zl.pdf\" target=\"_blank\" class=\"elementor-button-link elementor-button elementor-size-md\" role=\"button\">\n\t\t\t\t\t\t<span class=\"elementor-button-content-wrapper\">\n\t\t\t\t\t\t<span class=\"elementor-button-text\">Wedding menu - version PLN 230<\/span>\n\t\t<\/span>\n\t\t\t\t\t<\/a>\n\t\t<\/div>\n\t\t\t\t<\/div>\n\t\t\t\t<\/div>\n\t\t\t\t\t<\/div>\n\t\t<\/div>\n\t\t\t\t<div class=\"elementor-column elementor-col-25 elementor-top-column elementor-element elementor-element-41cf682e\" data-id=\"41cf682e\" data-element_type=\"column\">\n\t\t\t<div class=\"elementor-widget-wrap elementor-element-populated\">\n\t\t\t\t\t\t\t\t<div class=\"elementor-element elementor-element-6d053115 elementor-mobile-align-center elementor-widget elementor-widget-button\" data-id=\"6d053115\" data-element_type=\"widget\" data-widget_type=\"button.default\">\n\t\t\t\t<div class=\"elementor-widget-container\">\n\t\t\t\t\t<div class=\"elementor-button-wrapper\">\n\t\t\t<a href=\"https:\/\/restauracja-kassandra.com.pl\/wp-content\/uploads\/2022\/09\/Menu-Weselne-wersja-250-zl.pdf\" target=\"_blank\" class=\"elementor-button-link elementor-button elementor-size-md\" role=\"button\">\n\t\t\t\t\t\t<span class=\"elementor-button-content-wrapper\">\n\t\t\t\t\t\t<span class=\"elementor-button-text\">Wedding menu - version PLN 250<\/span>\n\t\t<\/span>\n\t\t\t\t\t<\/a>\n\t\t<\/div>\n\t\t\t\t<\/div>\n\t\t\t\t<\/div>\n\t\t\t\t\t<\/div>\n\t\t<\/div>\n\t\t\t\t<div class=\"elementor-column elementor-col-25 elementor-top-column elementor-element elementor-element-b1d2a0e\" data-id=\"b1d2a0e\" data-element_type=\"column\">\n\t\t\t<div class=\"elementor-widget-wrap elementor-element-populated\">\n\t\t\t\t\t\t\t\t<div class=\"elementor-element elementor-element-1ac2b4e9 elementor-mobile-align-center elementor-widget elementor-widget-button\" data-id=\"1ac2b4e9\" data-element_type=\"widget\" data-widget_type=\"button.default\">\n\t\t\t\t<div class=\"elementor-widget-container\">\n\t\t\t\t\t<div class=\"elementor-button-wrapper\">\n\t\t\t<a href=\"https:\/\/restauracja-kassandra.com.pl\/wp-content\/uploads\/2022\/09\/Menu-Weselne-wersja-280-zl.pdf\" target=\"_blank\" class=\"elementor-button-link elementor-button elementor-size-md\" role=\"button\">\n\t\t\t\t\t\t<span class=\"elementor-button-content-wrapper\">\n\t\t\t\t\t\t<span class=\"elementor-button-text\">Wedding menu - version PLN 280<\/span>\n\t\t<\/span>\n\t\t\t\t\t<\/a>\n\t\t<\/div>\n\t\t\t\t<\/div>\n\t\t\t\t<\/div>\n\t\t\t\t\t<\/div>\n\t\t<\/div>\n\t\t\t\t\t\t\t<\/div>\n\t\t<\/section>\n\t\t\t\t\t\t\t<\/div>","protected":false},"excerpt":{"rendered":"<p>Zachwy\u0107 si\u0119 nasz\u0105 pasj\u0105 Wesela Zajmujemy si\u0119 organizacj\u0105 eleganckich przyj\u0119\u0107 weselnych ju\u017c od 2000 r. Nasz obiekt posiada przestronn\u0105 sal\u0119 restauracyjn\u0105, pi\u0119kne wn\u0119trza oraz bajkowy ogr\u00f3d \u2013 idealny do organizacji za\u015blubin w plenerze.Lata dzia\u0142a\u0144 i setki zorganizowanych imprez da\u0142y nam rzeczow\u0105 wiedz\u0119 i do\u015bwiadczenie w profesjonalnej organizacji wesel i przyj\u0119\u0107. Biel, \u015bwie\u017ce kwiaty, \u015bwiat\u0142o wpadaj\u0105ce [&hellip;]<\/p>","protected":false},"author":1,"featured_media":0,"parent":0,"menu_order":0,"comment_status":"closed","ping_status":"closed","template":"","meta":[],"yoast_head":"<!-- This site is optimized with the Yoast SEO plugin v19.7.1 - https:\/\/yoast.com\/wordpress\/plugins\/seo\/ -->\n<title>Wesela - Kassandra Restauracja &amp; Hotel<\/title>\n<meta name=\"robots\" content=\"index, follow, max-snippet:-1, max-image-preview:large, max-video-preview:-1\" \/>\n<link rel=\"canonical\" href=\"https:\/\/restauracja-kassandra.com.pl\/en\/wesela\/\" \/>\n<meta property=\"og:locale\" content=\"en_US\" \/>\n<meta property=\"og:type\" content=\"article\" \/>\n<meta property=\"og:title\" content=\"Wesela - Kassandra Restauracja &amp; Hotel\" \/>\n<meta property=\"og:description\" content=\"Zachwy\u0107 si\u0119 nasz\u0105 pasj\u0105 Wesela Zajmujemy si\u0119 organizacj\u0105 eleganckich przyj\u0119\u0107 weselnych ju\u017c od 2000 r. Nasz obiekt posiada przestronn\u0105 sal\u0119 restauracyjn\u0105, pi\u0119kne wn\u0119trza oraz bajkowy ogr\u00f3d \u2013 idealny do organizacji za\u015blubin w plenerze.Lata dzia\u0142a\u0144 i setki zorganizowanych imprez da\u0142y nam rzeczow\u0105 wiedz\u0119 i do\u015bwiadczenie w profesjonalnej organizacji wesel i przyj\u0119\u0107. Biel, \u015bwie\u017ce kwiaty, \u015bwiat\u0142o wpadaj\u0105ce [&hellip;]\" \/>\n<meta property=\"og:url\" content=\"https:\/\/restauracja-kassandra.com.pl\/en\/wesela\/\" \/>\n<meta property=\"og:site_name\" content=\"Kassandra Restauracja &amp; Hotel\" \/>\n<meta property=\"article:modified_time\" content=\"2022-09-20T15:46:16+00:00\" \/>\n<meta property=\"og:image\" content=\"https:\/\/restauracja-kassandra.com.pl\/wp-content\/uploads\/2022\/09\/Restauracja-Kassandra-44.jpg\" \/>\n<meta name=\"twitter:card\" content=\"summary_large_image\" \/>\n<meta name=\"twitter:label1\" content=\"Est. reading time\" \/>\n\t<meta name=\"twitter:data1\" content=\"1 minute\" \/>\n<script type=\"application\/ld+json\" class=\"yoast-schema-graph\">{\"@context\":\"https:\/\/schema.org\",\"@graph\":[{\"@type\":\"WebPage\",\"@id\":\"https:\/\/restauracja-kassandra.com.pl\/wesela\/\",\"url\":\"https:\/\/restauracja-kassandra.com.pl\/wesela\/\",\"name\":\"Wesela - Kassandra Restauracja &amp; Hotel\",\"isPartOf\":{\"@id\":\"https:\/\/restauracja-kassandra.com.pl\/#website\"},\"datePublished\":\"2022-09-14T10:30:05+00:00\",\"dateModified\":\"2022-09-20T15:46:16+00:00\",\"breadcrumb\":{\"@id\":\"https:\/\/restauracja-kassandra.com.pl\/wesela\/#breadcrumb\"},\"inLanguage\":\"en-US\",\"potentialAction\":[{\"@type\":\"ReadAction\",\"target\":[\"https:\/\/restauracja-kassandra.com.pl\/wesela\/\"]}]},{\"@type\":\"BreadcrumbList\",\"@id\":\"https:\/\/restauracja-kassandra.com.pl\/wesela\/#breadcrumb\",\"itemListElement\":[{\"@type\":\"ListItem\",\"position\":1,\"name\":\"Strona g\u0142\u00f3wna\",\"item\":\"https:\/\/restauracja-kassandra.com.pl\/\"},{\"@type\":\"ListItem\",\"position\":2,\"name\":\"Wesela\"}]},{\"@type\":\"WebSite\",\"@id\":\"https:\/\/restauracja-kassandra.com.pl\/#website\",\"url\":\"https:\/\/restauracja-kassandra.com.pl\/\",\"name\":\"Kassandra Restauracja &amp; Hotel\",\"description\":\"Pocz\u0105tki dzia\u0142alno\u015bci Restauracji &quot;Kassandra&quot; si\u0119gaj\u0105 roku 2000. Nasza Restauracja jest doskona\u0142ym miejscem do organizacji przyj\u0119\u0107 weselnych oraz inny&hellip;\",\"publisher\":{\"@id\":\"https:\/\/restauracja-kassandra.com.pl\/#organization\"},\"potentialAction\":[{\"@type\":\"SearchAction\",\"target\":{\"@type\":\"EntryPoint\",\"urlTemplate\":\"https:\/\/restauracja-kassandra.com.pl\/?s={search_term_string}\"},\"query-input\":\"required name=search_term_string\"}],\"inLanguage\":\"en-US\"},{\"@type\":\"Organization\",\"@id\":\"https:\/\/restauracja-kassandra.com.pl\/#organization\",\"name\":\"Kassandra Restauracja Hotel\",\"url\":\"https:\/\/restauracja-kassandra.com.pl\/\",\"sameAs\":[],\"logo\":{\"@type\":\"ImageObject\",\"inLanguage\":\"en-US\",\"@id\":\"https:\/\/restauracja-kassandra.com.pl\/#\/schema\/logo\/image\/\",\"url\":\"https:\/\/restauracja-kassandra.com.pl\/wp-content\/uploads\/2022\/09\/logo-na-www.png\",\"contentUrl\":\"https:\/\/restauracja-kassandra.com.pl\/wp-content\/uploads\/2022\/09\/logo-na-www.png\",\"width\":600,\"height\":357,\"caption\":\"Kassandra Restauracja Hotel\"},\"image\":{\"@id\":\"https:\/\/restauracja-kassandra.com.pl\/#\/schema\/logo\/image\/\"}}]}<\/script>\n<!-- \/ Yoast SEO plugin. -->","yoast_head_json":{"title":"Wesela - Kassandra Restauracja &amp; Hotel","robots":{"index":"index","follow":"follow","max-snippet":"max-snippet:-1","max-image-preview":"max-image-preview:large","max-video-preview":"max-video-preview:-1"},"canonical":"https:\/\/restauracja-kassandra.com.pl\/en\/wesela\/","og_locale":"en_US","og_type":"article","og_title":"Wesela - Kassandra Restauracja &amp; Hotel","og_description":"Zachwy\u0107 si\u0119 nasz\u0105 pasj\u0105 Wesela Zajmujemy si\u0119 organizacj\u0105 eleganckich przyj\u0119\u0107 weselnych ju\u017c od 2000 r. Nasz obiekt posiada przestronn\u0105 sal\u0119 restauracyjn\u0105, pi\u0119kne wn\u0119trza oraz bajkowy ogr\u00f3d \u2013 idealny do organizacji za\u015blubin w plenerze.Lata dzia\u0142a\u0144 i setki zorganizowanych imprez da\u0142y nam rzeczow\u0105 wiedz\u0119 i do\u015bwiadczenie w profesjonalnej organizacji wesel i przyj\u0119\u0107. Biel, \u015bwie\u017ce kwiaty, \u015bwiat\u0142o wpadaj\u0105ce [&hellip;]","og_url":"https:\/\/restauracja-kassandra.com.pl\/en\/wesela\/","og_site_name":"Kassandra Restauracja &amp; Hotel","article_modified_time":"2022-09-20T15:46:16+00:00","og_image":[{"url":"https:\/\/restauracja-kassandra.com.pl\/wp-content\/uploads\/2022\/09\/Restauracja-Kassandra-44.jpg"}],"twitter_card":"summary_large_image","twitter_misc":{"Est. reading time":"1 minute"},"schema":{"@context":"https:\/\/schema.org","@graph":[{"@type":"WebPage","@id":"https:\/\/restauracja-kassandra.com.pl\/wesela\/","url":"https:\/\/restauracja-kassandra.com.pl\/wesela\/","name":"Wesela - Kassandra Restauracja &amp; Hotel","isPartOf":{"@id":"https:\/\/restauracja-kassandra.com.pl\/#website"},"datePublished":"2022-09-14T10:30:05+00:00","dateModified":"2022-09-20T15:46:16+00:00","breadcrumb":{"@id":"https:\/\/restauracja-kassandra.com.pl\/wesela\/#breadcrumb"},"inLanguage":"en-US","potentialAction":[{"@type":"ReadAction","target":["https:\/\/restauracja-kassandra.com.pl\/wesela\/"]}]},{"@type":"BreadcrumbList","@id":"https:\/\/restauracja-kassandra.com.pl\/wesela\/#breadcrumb","itemListElement":[{"@type":"ListItem","position":1,"name":"Strona g\u0142\u00f3wna","item":"https:\/\/restauracja-kassandra.com.pl\/"},{"@type":"ListItem","position":2,"name":"Wesela"}]},{"@type":"WebSite","@id":"https:\/\/restauracja-kassandra.com.pl\/#website","url":"https:\/\/restauracja-kassandra.com.pl\/","name":"Kassandra Restauracja &amp; Hotel","description":"Pocz\u0105tki dzia\u0142alno\u015bci Restauracji &quot;Kassandra&quot; si\u0119gaj\u0105 roku 2000. Nasza Restauracja jest doskona\u0142ym miejscem do organizacji przyj\u0119\u0107 weselnych oraz inny&hellip;","publisher":{"@id":"https:\/\/restauracja-kassandra.com.pl\/#organization"},"potentialAction":[{"@type":"SearchAction","target":{"@type":"EntryPoint","urlTemplate":"https:\/\/restauracja-kassandra.com.pl\/?s={search_term_string}"},"query-input":"required name=search_term_string"}],"inLanguage":"en-US"},{"@type":"Organization","@id":"https:\/\/restauracja-kassandra.com.pl\/#organization","name":"Kassandra Restauracja Hotel","url":"https:\/\/restauracja-kassandra.com.pl\/","sameAs":[],"logo":{"@type":"ImageObject","inLanguage":"en-US","@id":"https:\/\/restauracja-kassandra.com.pl\/#\/schema\/logo\/image\/","url":"https:\/\/restauracja-kassandra.com.pl\/wp-content\/uploads\/2022\/09\/logo-na-www.png","contentUrl":"https:\/\/restauracja-kassandra.com.pl\/wp-content\/uploads\/2022\/09\/logo-na-www.png","width":600,"height":357,"caption":"Kassandra Restauracja Hotel"},"image":{"@id":"https:\/\/restauracja-kassandra.com.pl\/#\/schema\/logo\/image\/"}}]}},"_links":{"self":[{"href":"https:\/\/restauracja-kassandra.com.pl\/en\/wp-json\/wp\/v2\/pages\/160"}],"collection":[{"href":"https:\/\/restauracja-kassandra.com.pl\/en\/wp-json\/wp\/v2\/pages"}],"about":[{"href":"https:\/\/restauracja-kassandra.com.pl\/en\/wp-json\/wp\/v2\/types\/page"}],"author":[{"embeddable":true,"href":"https:\/\/restauracja-kassandra.com.pl\/en\/wp-json\/wp\/v2\/users\/1"}],"replies":[{"embeddable":true,"href":"https:\/\/restauracja-kassandra.com.pl\/en\/wp-json\/wp\/v2\/comments?post=160"}],"version-history":[{"count":22,"href":"https:\/\/restauracja-kassandra.com.pl\/en\/wp-json\/wp\/v2\/pages\/160\/revisions"}],"predecessor-version":[{"id":497,"href":"https:\/\/restauracja-kassandra.com.pl\/en\/wp-json\/wp\/v2\/pages\/160\/revisions\/497"}],"wp:attachment":[{"href":"https:\/\/restauracja-kassandra.com.pl\/en\/wp-json\/wp\/v2\/media?parent=160"}],"curies":[{"name":"wp","href":"https:\/\/api.w.org\/{rel}","templated":true}]}}